{"id":1046,"date":"2016-11-22T13:45:37","date_gmt":"2016-11-22T12:45:37","guid":{"rendered":"http:\/\/francis-berezne.net\/?page_id=1046"},"modified":"2025-10-12T21:05:44","modified_gmt":"2025-10-12T19:05:44","slug":"actualite","status":"publish","type":"page","link":"https:\/\/francis-berezne.net\/?page_id=1046","title":{"rendered":"Expositions"},"content":{"rendered":"<section id=\"builder-section-1479818430221\" class=\"builder-section-first builder-section builder-section-text builder-section-last builder-text-columns-3\" style=\"background-repeat: repeat;background-position: center center;\">\n<div class=\"builder-section-content\">\n<div class=\"builder-text-row\">\n<div class=\"builder-text-column builder-text-column-1\" id=\"builder-section-1479818430221-column-1\">\n<div class=\"builder-text-content\">\n<h3 style=\"text-align: center;\"><span style=\"color: #0000ff;\">Exposition au ch\u00e2teau <\/span><\/h3>\n<h3><img loading=\"lazy\" decoding=\"async\" class=\"size-medium wp-image-258 aligncenter\" src=\"https:\/\/francis-berezne.net\/wp-content\/uploads\/2016\/04\/D-JFOUR-002-225x300.jpg\" alt=\"\" width=\"225\" height=\"300\" srcset=\"https:\/\/francis-berezne.net\/wp-content\/uploads\/2016\/04\/D-JFOUR-002-225x300.jpg 225w, https:\/\/francis-berezne.net\/wp-content\/uploads\/2016\/04\/D-JFOUR-002.jpg 600w\" sizes=\"auto, (max-width: 225px) 100vw, 225px\" \/><\/h3>\n<h3 style=\"text-align: center;\"><a href=\"https:\/\/francis-berezne.net\/?page_id=1262\"><span style=\"color: #0000ff;\">de Regn\u00e9ville-sur-Mer<\/span><\/a><\/h3>\n<p>\u00a0<\/p>\n<\/p><\/div>\n<\/p><\/div>\n<div class=\"builder-text-column builder-text-column-2\" id=\"builder-section-1479818430221-column-2\">\n<div class=\"builder-text-content\">\n<p><img loading=\"lazy\" decoding=\"async\" src=\"https:\/\/francis-berezne.net\/wp-content\/uploads\/2016\/04\/photos-l\u00e9gend\u00e9es-site-nouveau-tableaux-tri\u00e9s207.jpg\" width=\"1366\" height=\"1024\" class=\"alignnone size-full wp-image-367\" srcset=\"https:\/\/francis-berezne.net\/wp-content\/uploads\/2016\/04\/photos-l\u00e9gend\u00e9es-site-nouveau-tableaux-tri\u00e9s207.jpg 1366w, https:\/\/francis-berezne.net\/wp-content\/uploads\/2016\/04\/photos-l\u00e9gend\u00e9es-site-nouveau-tableaux-tri\u00e9s207-300x225.jpg 300w, https:\/\/francis-berezne.net\/wp-content\/uploads\/2016\/04\/photos-l\u00e9gend\u00e9es-site-nouveau-tableaux-tri\u00e9s207-768x576.jpg 768w, https:\/\/francis-berezne.net\/wp-content\/uploads\/2016\/04\/photos-l\u00e9gend\u00e9es-site-nouveau-tableaux-tri\u00e9s207-1024x768.jpg 1024w\" sizes=\"auto, (max-width: 1366px) 100vw, 1366px\" \/><\/p>\n<h3 style=\"text-align: center;\"><a href=\"https:\/\/francis-berezne.net\/?page_id=1067\" target=\"_blank\"><span style=\"color: #3366ff;\">Exposition \u00e0 la Halle Saint Pierre<\/span><\/a><\/h3>\n<p>\u00a0<\/p>\n<\/p><\/div>\n<\/p><\/div>\n<div class=\"builder-text-column builder-text-column-3\" id=\"builder-section-1479818430221-column-3\">\n<div class=\"builder-text-content\">\n<p><img loading=\"lazy\" decoding=\"async\" src=\"https:\/\/francis-berezne.net\/wp-content\/uploads\/2016\/06\/jardin.jpg\" width=\"800\" height=\"1050\" class=\"alignnone size-full wp-image-785\" srcset=\"https:\/\/francis-berezne.net\/wp-content\/uploads\/2016\/06\/jardin.jpg 800w, https:\/\/francis-berezne.net\/wp-content\/uploads\/2016\/06\/jardin-229x300.jpg 229w, https:\/\/francis-berezne.net\/wp-content\/uploads\/2016\/06\/jardin-768x1008.jpg 768w, https:\/\/francis-berezne.net\/wp-content\/uploads\/2016\/06\/jardin-780x1024.jpg 780w\" sizes=\"auto, (max-width: 800px) 100vw, 800px\" \/><\/p>\n<h3><span style=\"color: #3366ff;\"><a href=\"https:\/\/francis-berezne.net\/?page_id=784\" target=\"_blank\">Francis B\u00e9rezn\u00e9 au jardin<\/a><br \/><\/span><\/h3>\n<\/p><\/div>\n<\/p><\/div>\n<\/p><\/div>\n<div class=\"builder-text-row\">\n<div class=\"builder-text-column builder-text-column-4\" id=\"builder-section-1479818430221-column-1\">\n<div class=\"builder-text-content\">\n<p><img loading=\"lazy\" decoding=\"async\" src=\"https:\/\/francis-berezne.net\/wp-content\/uploads\/2016\/04\/Invit-e1459693846381.jpg\" width=\"539\" height=\"415\" class=\"alignnone size-full wp-image-163\" \/><\/p>\n<h3><a href=\"https:\/\/francis-berezne.net\/?p=150\" target=\"_blank\"><span style=\"color: #3366ff;\">Exposition \u00e0 Santiago du Chili<\/span><\/a><\/h3>\n<p>\u00a0<\/p>\n<\/p><\/div>\n<\/p><\/div>\n<\/p><\/div>\n<\/p><\/div>\n<\/section>\n","protected":false},"excerpt":{"rendered":"<p>Exposition au ch\u00e2teau de Regn\u00e9ville-sur-Mer \u00a0 Exposition \u00e0 la Halle Saint Pierre \u00a0 Francis B\u00e9rezn\u00e9 au jardin Exposition \u00e0 Santiago du Chili \u00a0<\/p>\n","protected":false},"author":1,"featured_media":0,"parent":0,"menu_order":0,"comment_status":"closed","ping_status":"closed","template":"template-builder.php","meta":{"footnotes":""},"class_list":["post-1046","page","type-page","status-publish","hentry"],"_links":{"self":[{"href":"https:\/\/francis-berezne.net\/index.php?rest_route=\/wp\/v2\/pages\/1046","targetHints":{"allow":["GET"]}}],"collection":[{"href":"https:\/\/francis-berezne.net\/index.php?rest_route=\/wp\/v2\/pages"}],"about":[{"href":"https:\/\/francis-berezne.net\/index.php?rest_route=\/wp\/v2\/types\/page"}],"author":[{"embeddable":true,"href":"https:\/\/francis-berezne.net\/index.php?rest_route=\/wp\/v2\/users\/1"}],"replies":[{"embeddable":true,"href":"https:\/\/francis-berezne.net\/index.php?rest_route=%2Fwp%2Fv2%2Fcomments&post=1046"}],"version-history":[{"count":7,"href":"https:\/\/francis-berezne.net\/index.php?rest_route=\/wp\/v2\/pages\/1046\/revisions"}],"predecessor-version":[{"id":2107,"href":"https:\/\/francis-berezne.net\/index.php?rest_route=\/wp\/v2\/pages\/1046\/revisions\/2107"}],"wp:attachment":[{"href":"https:\/\/francis-berezne.net\/index.php?rest_route=%2Fwp%2Fv2%2Fmedia&parent=1046"}],"curies":[{"name":"wp","href":"https:\/\/api.w.org\/{rel}","templated":true}]}}