{"id":1067,"date":"2017-01-02T20:06:36","date_gmt":"2017-01-02T19:06:36","guid":{"rendered":"http:\/\/francis-berezne.net\/?page_id=1067"},"modified":"2017-02-14T13:29:52","modified_gmt":"2017-02-14T12:29:52","slug":"halle-saint-pierre-2","status":"publish","type":"page","link":"https:\/\/francis-berezne.net\/?page_id=1067","title":{"rendered":"halle saint pierre"},"content":{"rendered":"<section id=\"builder-section-1483384003241\" class=\"builder-section builder-section-first builder-section-text builder-section-last builder-text-columns-2\" style=\"\">\n<div class=\"builder-section-content\">\n<div class=\"builder-text-column builder-text-column-1\" id=\"builder-section-1483384003241-column-1\">\n<figure class=\"builder-text-image\">\n\t\t\t\t<img loading=\"lazy\" decoding=\"async\" width=\"1024\" height=\"154\" src=\"https:\/\/francis-berezne.net\/wp-content\/uploads\/2017\/01\/halle-saint-pierre-1024x154.jpg\" class=\"attachment-large size-large\" alt=\"\" srcset=\"https:\/\/francis-berezne.net\/wp-content\/uploads\/2017\/01\/halle-saint-pierre-1024x154.jpg 1024w, https:\/\/francis-berezne.net\/wp-content\/uploads\/2017\/01\/halle-saint-pierre-300x45.jpg 300w, https:\/\/francis-berezne.net\/wp-content\/uploads\/2017\/01\/halle-saint-pierre-768x116.jpg 768w\" sizes=\"auto, (max-width: 1024px) 100vw, 1024px\" \/>\t\t\t<\/figure>\n<div class=\"builder-text-content\">\n<p><a href=\"http:\/\/www.hallesaintpierre.org\/2016\/12\/28\/francis-berezne\"><span style=\"font-size: 14pt;\">La Galerie de la Halle Saint Pierre<\/span><\/a><br \/>accueille<\/p>\n<h3><a href=\"https:\/\/francis-berezne.net\/?page_id=336\"><span style=\"color: #0000ff;\">Les Hyst\u00e9riques<\/span><\/a><\/h3>\n<p>sur une proposition de Gis\u00e8le Grammare<\/p>\n<p>du 1er au 26 f\u00e9vrier 2017<\/p>\n<h5>RENCONTRE AUTOUR DE L&rsquo;\u0153UVRE DE FRANCIS B\u00c9REZN\u00c9<br \/>dimanche 19 f\u00c9vrier \u00e0 15 heures<\/h5>\n<h6>2 RUE ROSTAND 75018 PARIS<br \/>lundi vendredi 11 h &#8211; 18 h<br \/>samedi\u00a0\u00a0\u00a0\u00a0\u00a0\u00a0\u00a0\u00a0\u00a0\u00a0\u00a0\u00a0\u00a0\u00a0\u00a0 11 h &#8211; 19 h<br \/>dimanche\u00a0\u00a0\u00a0\u00a0\u00a0\u00a0\u00a0\u00a0\u00a0\u00a0 12 h &#8211; 18 h<\/h6>\n<p><a href=\"https:\/\/francis-berezne.net\/wp-content\/uploads\/2017\/01\/affiche.pdf\" target=\"_blank\">L&rsquo;affiche de l&rsquo;exposition<\/a><\/p>\n<h3><span style=\"color: #3366ff;\"><a style=\"color: #3366ff;\" href=\"https:\/\/francis-berezne.net\/?page_id=1140\" target=\"_blank\">Les photos de l&rsquo;exposition<\/a><\/span><\/h3>\n<\/p><\/div>\n<\/p><\/div>\n<div class=\"builder-text-column builder-text-column-2\" id=\"builder-section-1483384003241-column-2\">\n<figure class=\"builder-text-image\">\n\t\t\t\t<img loading=\"lazy\" decoding=\"async\" width=\"1024\" height=\"768\" src=\"https:\/\/francis-berezne.net\/wp-content\/uploads\/2016\/04\/photos-l\u00e9gend\u00e9es-site-nouveau-tableaux-tri\u00e9s207-1024x768.jpg\" class=\"attachment-large size-large\" alt=\"\" srcset=\"https:\/\/francis-berezne.net\/wp-content\/uploads\/2016\/04\/photos-l\u00e9gend\u00e9es-site-nouveau-tableaux-tri\u00e9s207-1024x768.jpg 1024w, https:\/\/francis-berezne.net\/wp-content\/uploads\/2016\/04\/photos-l\u00e9gend\u00e9es-site-nouveau-tableaux-tri\u00e9s207-300x225.jpg 300w, https:\/\/francis-berezne.net\/wp-content\/uploads\/2016\/04\/photos-l\u00e9gend\u00e9es-site-nouveau-tableaux-tri\u00e9s207-768x576.jpg 768w, https:\/\/francis-berezne.net\/wp-content\/uploads\/2016\/04\/photos-l\u00e9gend\u00e9es-site-nouveau-tableaux-tri\u00e9s207.jpg 1366w\" sizes=\"auto, (max-width: 1024px) 100vw, 1024px\" \/>\t\t\t<\/figure>\n<div class=\"builder-text-content\">\n<p>\u00c0 fr\u00e9quenter les photos d\u2019un collaborateur de Charcot, il appara\u00eet qu\u2019on classe les malades,\u00a0 les crises, comme on classait les plantes.\u00a0 Le m\u00e9decin, photographe \u00e0 la Salp\u00eatri\u00e8re, porte sur\u00a0 les mod\u00e8les le regard d\u2019un botaniste qui d\u00e9couvre un sp\u00e9cimen, qui l\u2019enferme ensuite dans son herbier.<br \/>Le r\u00e9sultat force l\u2019admiration. Des femmes extraordinairement vivantes, noy\u00e9es dans un flot de draps, de linges blancs, souffrent, jouissent, rient, se lamentent, s\u2019extasient, tirent la langue, les yeux r\u00e9vuls\u00e9s, prennent parfois la pose devant l\u2019objectif.<br \/>J\u2019exp\u00e9rimente ces photos, en les peignant pour leur beaut\u00e9, parce qu\u2019elles parlent de la condition humaine, du sort fait aux femmes, \u00e0 la folie, parce qu\u2019une r\u00e9flexion de Gilles Deleuze m\u00e9rite d\u2019aller les voir de pr\u00e8s. <br \/>Dans <em>Logique de la Sensation,<\/em> un essai sur la peinture de Francis Bacon, Deleuze tire une pens\u00e9e de Bacon du c\u00f4t\u00e9 de la clinique, les formes, les couleurs, touchent directement les nerfs, d\u2019o\u00f9 le philosophe, un peu simplement, conclut \u00e0 une hyst\u00e9rie de la peinture.<br \/>Le th\u00e9\u00e2tre de l\u2019hyst\u00e9rie me permet d\u2019approfondir le travail d\u2019apr\u00e8s photos, d\u2019exalter le spectre des couleurs, qui sert \u00e0 peindre la chair. L\u2019existence, boulevers\u00e9e, assign\u00e9e, recluse, r\u00e9volt\u00e9e, bourr\u00e9e d\u2019\u00e9ther, assassin\u00e9e parfois, jaillit du fond noir, du linge, et des draps blancs, s\u2019incruste \u00e0 la mani\u00e8re de la modernit\u00e9.<\/p>\n<p style=\"text-align: right;\">Francis B\u00e9rezn\u00e9, <em>Le marcher de l\u2019art,<\/em> 2010<\/p>\n<\/p><\/div>\n<\/p><\/div>\n<\/p><\/div>\n<\/section>\n","protected":false},"excerpt":{"rendered":"<p>La Galerie de la Halle Saint Pierreaccueille Les Hyst\u00e9riques sur une proposition de Gis\u00e8le Grammare du 1er au 26 f\u00e9vrier 2017 RENCONTRE AUTOUR DE L&rsquo;\u0153UVRE DE FRANCIS B\u00c9REZN\u00c9dimanche 19 f\u00c9vrier \u00e0 15 heures 2 RUE ROSTAND 75018 PARISlundi vendredi 11 h &#8211; 18 hsamedi\u00a0\u00a0\u00a0\u00a0\u00a0\u00a0\u00a0\u00a0\u00a0\u00a0\u00a0\u00a0\u00a0\u00a0\u00a0 11 h &#8211; 19 hdimanche\u00a0\u00a0\u00a0\u00a0\u00a0\u00a0\u00a0\u00a0\u00a0\u00a0 12 h &#8211; 18 h L&rsquo;affiche &hellip;<\/p>\n","protected":false},"author":1,"featured_media":0,"parent":0,"menu_order":0,"comment_status":"closed","ping_status":"closed","template":"template-builder.php","meta":{"footnotes":""},"class_list":["post-1067","page","type-page","status-publish","hentry"],"_links":{"self":[{"href":"https:\/\/francis-berezne.net\/index.php?rest_route=\/wp\/v2\/pages\/1067","targetHints":{"allow":["GET"]}}],"collection":[{"href":"https:\/\/francis-berezne.net\/index.php?rest_route=\/wp\/v2\/pages"}],"about":[{"href":"https:\/\/francis-berezne.net\/index.php?rest_route=\/wp\/v2\/types\/page"}],"author":[{"embeddable":true,"href":"https:\/\/francis-berezne.net\/index.php?rest_route=\/wp\/v2\/users\/1"}],"replies":[{"embeddable":true,"href":"https:\/\/francis-berezne.net\/index.php?rest_route=%2Fwp%2Fv2%2Fcomments&post=1067"}],"version-history":[{"count":16,"href":"https:\/\/francis-berezne.net\/index.php?rest_route=\/wp\/v2\/pages\/1067\/revisions"}],"predecessor-version":[{"id":1146,"href":"https:\/\/francis-berezne.net\/index.php?rest_route=\/wp\/v2\/pages\/1067\/revisions\/1146"}],"wp:attachment":[{"href":"https:\/\/francis-berezne.net\/index.php?rest_route=%2Fwp%2Fv2%2Fmedia&parent=1067"}],"curies":[{"name":"wp","href":"https:\/\/api.w.org\/{rel}","templated":true}]}}