{"id":1090,"date":"2017-01-14T18:08:58","date_gmt":"2017-01-14T17:08:58","guid":{"rendered":"http:\/\/francis-berezne.net\/?page_id=1090"},"modified":"2023-08-02T16:54:11","modified_gmt":"2023-08-02T14:54:11","slug":"contact","status":"publish","type":"page","link":"https:\/\/francis-berezne.net\/?page_id=1090","title":{"rendered":"Contact"},"content":{"rendered":"<p>Pour nous contacter, \u00e9crire \u00e0 : <strong>berezne(arobase)francis-berezne(point)net<br \/>\n<\/strong>Remplacez bien s\u00fbr <strong>(arobase)<\/strong> par <strong>@<\/strong> et <strong>(point)<\/strong> par <strong>. <\/strong>dans votre message.<br \/>\nNous avons choisi cette forme pour \u00e9viter au maximum les piratages et les spams.<\/p>\n","protected":false},"excerpt":{"rendered":"<p>Pour nous contacter, \u00e9crire \u00e0 : berezne(arobase)francis-berezne(point)net Remplacez bien s\u00fbr (arobase) par @ et (point) par . dans votre message. Nous avons choisi cette forme pour \u00e9viter au maximum les piratages et les spams.<\/p>\n","protected":false},"author":1,"featured_media":0,"parent":0,"menu_order":0,"comment_status":"closed","ping_status":"closed","template":"","meta":{"footnotes":""},"class_list":["post-1090","page","type-page","status-publish","hentry"],"_links":{"self":[{"href":"https:\/\/francis-berezne.net\/index.php?rest_route=\/wp\/v2\/pages\/1090","targetHints":{"allow":["GET"]}}],"collection":[{"href":"https:\/\/francis-berezne.net\/index.php?rest_route=\/wp\/v2\/pages"}],"about":[{"href":"https:\/\/francis-berezne.net\/index.php?rest_route=\/wp\/v2\/types\/page"}],"author":[{"embeddable":true,"href":"https:\/\/francis-berezne.net\/index.php?rest_route=\/wp\/v2\/users\/1"}],"replies":[{"embeddable":true,"href":"https:\/\/francis-berezne.net\/index.php?rest_route=%2Fwp%2Fv2%2Fcomments&post=1090"}],"version-history":[{"count":7,"href":"https:\/\/francis-berezne.net\/index.php?rest_route=\/wp\/v2\/pages\/1090\/revisions"}],"predecessor-version":[{"id":1943,"href":"https:\/\/francis-berezne.net\/index.php?rest_route=\/wp\/v2\/pages\/1090\/revisions\/1943"}],"wp:attachment":[{"href":"https:\/\/francis-berezne.net\/index.php?rest_route=%2Fwp%2Fv2%2Fmedia&parent=1090"}],"curies":[{"name":"wp","href":"https:\/\/api.w.org\/{rel}","templated":true}]}}