{"id":1246,"date":"2017-05-01T14:17:34","date_gmt":"2017-05-01T12:17:34","guid":{"rendered":"http:\/\/francis-berezne.net\/?page_id=1246"},"modified":"2017-05-01T14:26:48","modified_gmt":"2017-05-01T12:26:48","slug":"mentions-legales","status":"publish","type":"page","link":"https:\/\/francis-berezne.net\/?page_id=1246","title":{"rendered":"Mentions l\u00e9gales"},"content":{"rendered":"<section id=\"builder-section-1493640996163\" class=\"builder-section builder-section-first builder-section-text builder-section-last builder-text-columns-1\" style=\"\">\n<div class=\"builder-section-content\">\n<div class=\"builder-text-row\">\n<div class=\"builder-text-column builder-text-column-1\" id=\"builder-section-1493640996163-column-1\">\n<div class=\"builder-text-content\">\n<p>\u00a0<\/p>\n<p>\u00a0<\/p>\n<p>\u00a0<\/p>\n<p>\u00a0<\/p>\n<p>Copyright \u00a9 &#8211; Sauf mention contraire, les documents sont la propri\u00e9t\u00e9 exclusive de Guy et Jean B\u00e9rezn\u00e9 et ne sont pas libres de droits.<\/p>\n<p>La reproduction ou l&rsquo;utilisation totale ou partielle de tout document pr\u00e9sent sur ce site sans accord des ayant droit est interdite et constituerait une contrefa\u00e7on sanctionn\u00e9e par les <a href=\"https:\/\/www.legifrance.gouv.fr\/affichCodeArticle.do?idArticle=LEGIARTI000006279172&amp;cidTexte=LEGITEXT000006069414\">articles L335-2 <\/a>et suivants du code de la propri\u00e9t\u00e9 intellectuelle.<\/p>\n<p>Le pr\u00e9sent site utilise la solution <em>WordPress<sup>TM<\/sup><\/em> . Sa forme est bas\u00e9e sur le th\u00e8me <em>Make<\/em> d\u00e9velopp\u00e9 par <em>The Theme Foundry.<\/em><\/p>\n<p>\u00a0<\/p>\n<p>\u00a0<\/p>\n<p>\u00a0<\/p>\n<p>\u00a0<\/p>\n<\/p><\/div>\n<\/p><\/div>\n<\/p><\/div>\n<\/p><\/div>\n<\/section>\n","protected":false},"excerpt":{"rendered":"<p>\u00a0 \u00a0 \u00a0 \u00a0 Copyright \u00a9 &#8211; Sauf mention contraire, les documents sont la propri\u00e9t\u00e9 exclusive de Guy et Jean B\u00e9rezn\u00e9 et ne sont pas libres de droits. La reproduction ou l&rsquo;utilisation totale ou partielle de tout document pr\u00e9sent sur ce site sans accord des ayant droit est interdite et constituerait une contrefa\u00e7on sanctionn\u00e9e par &hellip;<\/p>\n","protected":false},"author":1,"featured_media":0,"parent":0,"menu_order":0,"comment_status":"closed","ping_status":"closed","template":"template-builder.php","meta":{"footnotes":""},"class_list":["post-1246","page","type-page","status-publish","hentry"],"_links":{"self":[{"href":"https:\/\/francis-berezne.net\/index.php?rest_route=\/wp\/v2\/pages\/1246","targetHints":{"allow":["GET"]}}],"collection":[{"href":"https:\/\/francis-berezne.net\/index.php?rest_route=\/wp\/v2\/pages"}],"about":[{"href":"https:\/\/francis-berezne.net\/index.php?rest_route=\/wp\/v2\/types\/page"}],"author":[{"embeddable":true,"href":"https:\/\/francis-berezne.net\/index.php?rest_route=\/wp\/v2\/users\/1"}],"replies":[{"embeddable":true,"href":"https:\/\/francis-berezne.net\/index.php?rest_route=%2Fwp%2Fv2%2Fcomments&post=1246"}],"version-history":[{"count":7,"href":"https:\/\/francis-berezne.net\/index.php?rest_route=\/wp\/v2\/pages\/1246\/revisions"}],"predecessor-version":[{"id":1255,"href":"https:\/\/francis-berezne.net\/index.php?rest_route=\/wp\/v2\/pages\/1246\/revisions\/1255"}],"wp:attachment":[{"href":"https:\/\/francis-berezne.net\/index.php?rest_route=%2Fwp%2Fv2%2Fmedia&parent=1246"}],"curies":[{"name":"wp","href":"https:\/\/api.w.org\/{rel}","templated":true}]}}