{"id":1262,"date":"2017-06-30T15:08:52","date_gmt":"2017-06-30T13:08:52","guid":{"rendered":"http:\/\/francis-berezne.net\/?page_id=1262"},"modified":"2017-09-12T20:09:57","modified_gmt":"2017-09-12T18:09:57","slug":"regneville","status":"publish","type":"page","link":"https:\/\/francis-berezne.net\/?page_id=1262","title":{"rendered":"Regn\u00e9ville"},"content":{"rendered":"<section id=\"builder-section-1498827230195\" class=\"builder-section-first builder-section builder-section-text builder-section-last builder-text-columns-2\" style=\"background-size: cover; background-repeat: no-repeat;background-position: center center;\">\n<div class=\"builder-section-content\">\n<div class=\"builder-text-row\">\n<div class=\"builder-text-column builder-text-column-1\" id=\"builder-section-1498827230195-column-1\">\n<div class=\"builder-text-content\">\n<h2 style=\"text-align: left;\"><span style=\"color: #3366ff;\">Exposition <br \/>\u00e0 Regn\u00e9ville-sur-Mer<br \/><\/span><\/h2>\n<p style=\"text-align: left;\"><span style=\"font-size: 12pt;\"><span style=\"font-size: 18pt;\">du 21 ao\u00fbt au 2 septembre<\/span><\/p>\n<p><\/span>Deux salles du\u00a0 ch\u00e2teau m\u00e9di\u00e9val de Regn\u00e9ville ont accueilli en cette fin d&rsquo;\u00e9t\u00e9 2017 une s\u00e9lection des \u0153uvres de Francis B\u00e9rezn\u00e9.<br \/>Y ont \u00e9t\u00e9 pr\u00e9sent\u00e9s, dessins, toiles, sculptures, livres et films.<\/p>\n<p style=\"text-align: left;\">Beaucoup de ce travaux ont \u00e9t\u00e9 r\u00e9alis\u00e9s dans la petite maison d&rsquo;Annoville, village voisin de Regn\u00e9ville, o\u00f9 Francis B\u00e9rezn\u00e9 avait trouv\u00e9 calme et amiti\u00e9s.<\/p>\n<h3>Aile ouest du Ch\u00e2teau <br \/>Regn\u00e9ville-sur-Mer (Manche)<br \/>2, rue des Fours \u00e0 Chaux<\/h3>\n<p>Tous les jours de 14 heures \u00e0 19 heures &#8211; vendredi jusqu&rsquo;\u00e0 21 heures<\/p>\n<h3><a href=\"https:\/\/francis-berezne.net\/?page_id=1555\" target=\"_blank\" rel=\"noopener\"><span style=\"color: #3366ff;\">Les \u0153uvres expos\u00e9es<\/span><\/a><\/h3>\n<h3><span style=\"color: #3366ff;\"><strong><a href=\"https:\/\/francis-berezne.net\/?page_id=1405\" target=\"_blank\" rel=\"noopener\">Visite des deux salles d&rsquo;exposition<\/a><\/strong><\/span><\/h3>\n<h3><span style=\"color: #3366ff;\"><a href=\"https:\/\/francis-berezne.net\/?page_id=1486\" target=\"_blank\" rel=\"noopener\">L&rsquo;invitation<\/a>\u00a0\u00a0\u00a0\u00a0\u00a0\u00a0\u00a0 <a href=\"https:\/\/francis-berezne.net\/?page_id=1497\" target=\"_blank\" rel=\"noopener\">L&rsquo;affiche<\/a>\u00a0\u00a0<\/span><\/h3>\n<h3><span style=\"color: #3366ff;\">\u00a0<\/span><\/h3>\n<\/p><\/div>\n<\/p><\/div>\n<div class=\"builder-text-column builder-text-column-2\" id=\"builder-section-1498827230195-column-2\">\n<div class=\"builder-text-content\">\n<p><img loading=\"lazy\" decoding=\"async\" class=\"alignleft wp-image-1400\" src=\"https:\/\/francis-berezne.net\/wp-content\/uploads\/2017\/09\/expo-24082017-001-e1504719903917-225x300.jpg\" alt=\"\" width=\"557\" height=\"743\" srcset=\"https:\/\/francis-berezne.net\/wp-content\/uploads\/2017\/09\/expo-24082017-001-e1504719903917-225x300.jpg 225w, https:\/\/francis-berezne.net\/wp-content\/uploads\/2017\/09\/expo-24082017-001-e1504719903917-768x1024.jpg 768w, https:\/\/francis-berezne.net\/wp-content\/uploads\/2017\/09\/expo-24082017-001-e1504719903917.jpg 1125w\" sizes=\"auto, (max-width: 557px) 100vw, 557px\" \/><\/p>\n<p>\u00a0\u00a0\u00a0\u00a0<\/p>\n<\/p><\/div>\n<\/p><\/div>\n<\/p><\/div>\n<div class=\"builder-text-row\">\n<div class=\"builder-text-column builder-text-column-3\" id=\"builder-section-1498827230195-column-1\">\n<div class=\"builder-text-content\">\n\t\t\t\t\t\t\t\t\t\t\t<\/div>\n<\/p><\/div>\n<\/p><\/div>\n<\/p><\/div>\n<\/section>\n","protected":false},"excerpt":{"rendered":"<p>Exposition \u00e0 Regn\u00e9ville-sur-Mer du 21 ao\u00fbt au 2 septembre Deux salles du\u00a0 ch\u00e2teau m\u00e9di\u00e9val de Regn\u00e9ville ont accueilli en cette fin d&rsquo;\u00e9t\u00e9 2017 une s\u00e9lection des \u0153uvres de Francis B\u00e9rezn\u00e9.Y ont \u00e9t\u00e9 pr\u00e9sent\u00e9s, dessins, toiles, sculptures, livres et films. Beaucoup de ce travaux ont \u00e9t\u00e9 r\u00e9alis\u00e9s dans la petite maison d&rsquo;Annoville, village voisin de Regn\u00e9ville, &hellip;<\/p>\n","protected":false},"author":1,"featured_media":0,"parent":0,"menu_order":0,"comment_status":"closed","ping_status":"closed","template":"template-builder.php","meta":{"footnotes":""},"class_list":["post-1262","page","type-page","status-publish","hentry"],"_links":{"self":[{"href":"https:\/\/francis-berezne.net\/index.php?rest_route=\/wp\/v2\/pages\/1262","targetHints":{"allow":["GET"]}}],"collection":[{"href":"https:\/\/francis-berezne.net\/index.php?rest_route=\/wp\/v2\/pages"}],"about":[{"href":"https:\/\/francis-berezne.net\/index.php?rest_route=\/wp\/v2\/types\/page"}],"author":[{"embeddable":true,"href":"https:\/\/francis-berezne.net\/index.php?rest_route=\/wp\/v2\/users\/1"}],"replies":[{"embeddable":true,"href":"https:\/\/francis-berezne.net\/index.php?rest_route=%2Fwp%2Fv2%2Fcomments&post=1262"}],"version-history":[{"count":35,"href":"https:\/\/francis-berezne.net\/index.php?rest_route=\/wp\/v2\/pages\/1262\/revisions"}],"predecessor-version":[{"id":1599,"href":"https:\/\/francis-berezne.net\/index.php?rest_route=\/wp\/v2\/pages\/1262\/revisions\/1599"}],"wp:attachment":[{"href":"https:\/\/francis-berezne.net\/index.php?rest_route=%2Fwp%2Fv2%2Fmedia&parent=1262"}],"curies":[{"name":"wp","href":"https:\/\/api.w.org\/{rel}","templated":true}]}}