{"id":298,"date":"2016-04-17T13:11:27","date_gmt":"2016-04-17T12:11:27","guid":{"rendered":"http:\/\/francis-berezne.net\/?page_id=298"},"modified":"2025-10-17T16:12:13","modified_gmt":"2025-10-17T14:12:13","slug":"videos","status":"publish","type":"page","link":"https:\/\/francis-berezne.net\/?page_id=298","title":{"rendered":"Vid\u00e9os"},"content":{"rendered":"<section id=\"builder-section-1460895575566\" class=\"builder-section-first builder-section builder-section-text builder-section-last builder-text-columns-3\" style=\"background-repeat: repeat;background-position: center center;\">\n<div class=\"builder-section-content\">\n<div class=\"builder-text-row\">\n<div class=\"builder-text-column builder-text-column-1\" id=\"builder-section-1460895575566-column-1\">\n<div class=\"builder-text-content\">\n<h3>Vid\u00e9os r\u00e9alis\u00e9es par Francis B\u00e9rezn\u00e9<\/h3>\n<p><a href=\"https:\/\/francis-berezne.net\/?p=303\" target=\"_blank\" data-wplink-edit=\"true\">Avaramou<\/a><\/p>\n<p><a href=\"https:\/\/francis-berezne.net\/?p=294\" target=\"_blank\">Les coureurs<\/a><\/p>\n<p><a href=\"https:\/\/francis-berezne.net\/?p=307\" target=\"_blank\" data-wplink-edit=\"true\">Anna cam\u00e9ra<\/a><\/p>\n<p>\u00a0<\/p>\n<p>\u00a0<\/p>\n<\/p><\/div>\n<\/p><\/div>\n<div class=\"builder-text-column builder-text-column-2\" id=\"builder-section-1460895575566-column-2\">\n<div class=\"builder-text-content\">\n<h3>Vid\u00e9os et films dans lesquels Francis B\u00e9rezn\u00e9 appara\u00eet<\/h3>\n<p><a href=\"https:\/\/francis-berezne.net\/?p=319\" target=\"_blank\">Affaires d&rsquo;\u00c9tat<\/a><\/p>\n<p>\u00a0<\/p>\n<\/p><\/div>\n<\/p><\/div>\n<div class=\"builder-text-column builder-text-column-3\" id=\"builder-section-1460895575566-column-3\">\n<div class=\"builder-text-content\">\n<h3>Vid\u00e9os sur Francis B\u00e9rezn\u00e9<\/h3>\n<p><a href=\"https:\/\/francis-berezne.net\/?p=322\">Dans le miroir d&rsquo;un bol de caf\u00e9<\/a><\/p>\n<p><a href=\"https:\/\/francis-berezne.net\/?p=328\" target=\"_blank\">Portrait d&rsquo;un portraitiste<\/a><\/p>\n<p><a href=\"https:\/\/francis-berezne.net\/?p=330\" target=\"_blank\">Le masque de pl\u00e2tre<\/a><\/p>\n<\/p><\/div>\n<\/p><\/div>\n<\/p><\/div>\n<\/p><\/div>\n<\/section>\n","protected":false},"excerpt":{"rendered":"<p>Vid\u00e9os r\u00e9alis\u00e9es par Francis B\u00e9rezn\u00e9 Avaramou Les coureurs Anna cam\u00e9ra \u00a0 \u00a0 Vid\u00e9os et films dans lesquels Francis B\u00e9rezn\u00e9 appara\u00eet Affaires d&rsquo;\u00c9tat \u00a0 Vid\u00e9os sur Francis B\u00e9rezn\u00e9 Dans le miroir d&rsquo;un bol de caf\u00e9 Portrait d&rsquo;un portraitiste Le masque de pl\u00e2tre<\/p>\n","protected":false},"author":1,"featured_media":0,"parent":0,"menu_order":0,"comment_status":"closed","ping_status":"closed","template":"template-builder.php","meta":{"footnotes":""},"class_list":["post-298","page","type-page","status-publish","hentry"],"_links":{"self":[{"href":"https:\/\/francis-berezne.net\/index.php?rest_route=\/wp\/v2\/pages\/298","targetHints":{"allow":["GET"]}}],"collection":[{"href":"https:\/\/francis-berezne.net\/index.php?rest_route=\/wp\/v2\/pages"}],"about":[{"href":"https:\/\/francis-berezne.net\/index.php?rest_route=\/wp\/v2\/types\/page"}],"author":[{"embeddable":true,"href":"https:\/\/francis-berezne.net\/index.php?rest_route=\/wp\/v2\/users\/1"}],"replies":[{"embeddable":true,"href":"https:\/\/francis-berezne.net\/index.php?rest_route=%2Fwp%2Fv2%2Fcomments&post=298"}],"version-history":[{"count":16,"href":"https:\/\/francis-berezne.net\/index.php?rest_route=\/wp\/v2\/pages\/298\/revisions"}],"predecessor-version":[{"id":2180,"href":"https:\/\/francis-berezne.net\/index.php?rest_route=\/wp\/v2\/pages\/298\/revisions\/2180"}],"wp:attachment":[{"href":"https:\/\/francis-berezne.net\/index.php?rest_route=%2Fwp%2Fv2%2Fmedia&parent=298"}],"curies":[{"name":"wp","href":"https:\/\/api.w.org\/{rel}","templated":true}]}}