{"id":336,"date":"2016-04-17T14:21:02","date_gmt":"2016-04-17T13:21:02","guid":{"rendered":"http:\/\/francis-berezne.net\/?page_id=336"},"modified":"2019-01-04T15:36:20","modified_gmt":"2019-01-04T14:36:20","slug":"les-hysteriques","status":"publish","type":"page","link":"https:\/\/francis-berezne.net\/?page_id=336","title":{"rendered":"Les hyst\u00e9riques"},"content":{"rendered":"<section id=\"builder-section-1460899509691\" class=\"builder-section-first builder-section builder-section-text builder-section-last builder-text-columns-3\" style=\"background-repeat: repeat;background-position: center center;\">\n<div class=\"builder-section-content\">\n<div class=\"builder-text-row\">\n<div class=\"builder-text-column builder-text-column-1\" id=\"builder-section-1460899509691-column-1\">\n<div class=\"builder-text-content\">\n<h3>Les hyst\u00e9riques &#8211; dessins<\/h3>\n<p>Cette s\u00e9rie expos\u00e9e en 2002 comporte pr\u00e8s d&rsquo;une centaine de dessins\u00a0 grand format (50 x 65 cm), \u00e0 partir d&rsquo;une seule photo de l&rsquo;Iconographie de la Salp\u00e9tri\u00e8re.<\/p>\n<p><a href=\"https:\/\/francis-berezne.net\/?page_id=740\" target=\"_blank\">Les dessins<\/a><\/p>\n<\/p><\/div>\n<\/p><\/div>\n<div class=\"builder-text-column builder-text-column-2\" id=\"builder-section-1460899509691-column-2\">\n<div class=\"builder-text-content\">\n<h3>Les hyst\u00e9riques &#8211; \u00e9tudes<\/h3>\n<p>Entre 2002 et 2008 Francis B\u00e9rezn\u00e9 recherche la forme qui lui permettra d&rsquo;exprimer ce qu&rsquo;il ressent \u00e0 la lecture des photos des malades du professeur Charcot.<\/p>\n<p><a href=\"https:\/\/francis-berezne.net\/?page_id=745\" target=\"_blank\">Les \u00e9tudes<\/a><\/p>\n<p>\u00a0<\/p>\n<\/p><\/div>\n<\/p><\/div>\n<div class=\"builder-text-column builder-text-column-3\" id=\"builder-section-1460899509691-column-3\">\n<div class=\"builder-text-content\">\n<h3>Les hyst\u00e9riques &#8211; tableaux<\/h3>\n<p>Cette s\u00e9rie de grandes toiles sur fond noir est l&rsquo;aboutissement de plusieurs ann\u00e9es de recherches.<br \/>(voir les textes sur l&rsquo;Hyst\u00e9rie &#8211; <a href=\"https:\/\/francis-berezne.net\/?p=213\">Catalogue d\u00e9raisonn\u00e9 -m\u00e9moire de l&rsquo;hyst\u00e9rie<\/a> et <a href=\"https:\/\/francis-berezne.net\/?p=216\">Sur l&rsquo;hyst\u00e9rie<\/a>)<\/p>\n<p><a href=\"https:\/\/francis-berezne.net\/?page_id=735\" target=\"_blank\">Les tableaux<\/a><\/p>\n<p>\u00a0<\/p>\n<\/p><\/div>\n<\/p><\/div>\n<\/p><\/div>\n<div class=\"builder-text-row\">\n<div class=\"builder-text-column builder-text-column-4\" id=\"builder-section-1460899509691-column-1\">\n<div class=\"builder-text-content\">\n\t\t\t\t\t\t\t\t\t\t\t<\/div>\n<\/p><\/div>\n<div class=\"builder-text-column builder-text-column-5\" id=\"builder-section-1460899509691-column-2\">\n<div class=\"builder-text-content\">\n<h3><a href=\"https:\/\/francis-berezne.net\/?p=1646\"><span style=\"color: #008080;\">Nouveau :<\/span><br \/><span style=\"color: #0000ff;\">un catalogue raisonn\u00e9\u00a0 <\/span><br \/><span style=\"color: #0000ff;\">sur les hyst\u00e9riques<\/span><\/a><\/h3>\n<\/p><\/div>\n<\/p><\/div>\n<\/p><\/div>\n<\/p><\/div>\n<\/section>\n","protected":false},"excerpt":{"rendered":"<p>Les hyst\u00e9riques &#8211; dessins Cette s\u00e9rie expos\u00e9e en 2002 comporte pr\u00e8s d&rsquo;une centaine de dessins\u00a0 grand format (50 x 65 cm), \u00e0 partir d&rsquo;une seule photo de l&rsquo;Iconographie de la Salp\u00e9tri\u00e8re. Les dessins Les hyst\u00e9riques &#8211; \u00e9tudes Entre 2002 et 2008 Francis B\u00e9rezn\u00e9 recherche la forme qui lui permettra d&rsquo;exprimer ce qu&rsquo;il ressent \u00e0 la &hellip;<\/p>\n","protected":false},"author":1,"featured_media":0,"parent":0,"menu_order":0,"comment_status":"closed","ping_status":"closed","template":"template-builder.php","meta":{"footnotes":""},"class_list":["post-336","page","type-page","status-publish","hentry"],"_links":{"self":[{"href":"https:\/\/francis-berezne.net\/index.php?rest_route=\/wp\/v2\/pages\/336","targetHints":{"allow":["GET"]}}],"collection":[{"href":"https:\/\/francis-berezne.net\/index.php?rest_route=\/wp\/v2\/pages"}],"about":[{"href":"https:\/\/francis-berezne.net\/index.php?rest_route=\/wp\/v2\/types\/page"}],"author":[{"embeddable":true,"href":"https:\/\/francis-berezne.net\/index.php?rest_route=\/wp\/v2\/users\/1"}],"replies":[{"embeddable":true,"href":"https:\/\/francis-berezne.net\/index.php?rest_route=%2Fwp%2Fv2%2Fcomments&post=336"}],"version-history":[{"count":16,"href":"https:\/\/francis-berezne.net\/index.php?rest_route=\/wp\/v2\/pages\/336\/revisions"}],"predecessor-version":[{"id":1664,"href":"https:\/\/francis-berezne.net\/index.php?rest_route=\/wp\/v2\/pages\/336\/revisions\/1664"}],"wp:attachment":[{"href":"https:\/\/francis-berezne.net\/index.php?rest_route=%2Fwp%2Fv2%2Fmedia&parent=336"}],"curies":[{"name":"wp","href":"https:\/\/api.w.org\/{rel}","templated":true}]}}