{"id":517,"date":"2016-04-18T17:28:05","date_gmt":"2016-04-18T16:28:05","guid":{"rendered":"http:\/\/francis-berezne.net\/?page_id=517"},"modified":"2025-10-12T21:48:45","modified_gmt":"2025-10-12T19:48:45","slug":"517-2","status":"publish","type":"page","link":"https:\/\/francis-berezne.net\/?page_id=517","title":{"rendered":"L&rsquo;ensemble de l&rsquo;\u0153uvre graphique et picturale"},"content":{"rendered":"<section id=\"builder-section-1460997010695\" class=\"builder-section-first builder-section builder-section-text builder-section-next-text builder-text-columns-4\" style=\"background-repeat: repeat;background-position: center center;\">\n<div class=\"builder-section-content\">\n<div class=\"builder-text-row\">\n<div class=\"builder-text-column builder-text-column-1\" id=\"builder-section-1460997010695-column-1\">\n<div class=\"builder-text-content\">\n<h3>Tous les dessins<\/h3>\n<h5>Les albums<\/h5>\n<p><a href=\"https:\/\/francis-berezne.net\/?page_id=703\" target=\"_blank\">autoportraits<\/a><br \/><a href=\"https:\/\/francis-berezne.net\/?page_id=707\" target=\"_blank\">anatomie et nus<\/a><a href=\"https:\/\/francis-berezne.net\/autoportraits-dessins\/index.html\" target=\"_blank\"><br \/><\/a><a href=\"https:\/\/francis-berezne.net\/?page_id=717\" target=\"_blank\">\u00e9tudes <\/a>&#8211;\u00a0 <a href=\"https:\/\/francis-berezne.net\/?page_id=721\" target=\"_blank\">divers <\/a>&#8211; <a href=\"https:\/\/francis-berezne.net\/?page_id=710\" target=\"_blank\">portraits <\/a>&#8211; <a href=\"https:\/\/francis-berezne.net\/?page_id=713\" target=\"_blank\">paysages<\/a><br \/><a href=\"https:\/\/francis-berezne.net\/?page_id=727\" target=\"_blank\">non figuratifs<\/a> &#8211; <a href=\"https:\/\/francis-berezne.net\/?page_id=730\" target=\"_blank\">semi-figuratifs<\/a><br \/><a href=\"https:\/\/francis-berezne.net\/archives\/dessins-divers\/index.html\" target=\"_blank\"><br \/><\/a><a href=\"https:\/\/francis-berezne.net\/?page_id=662\" target=\"_blank\">Revue recherche<\/a><\/p>\n<p>Les catalogues au format pdf<br \/><a href=\"https:\/\/francis-berezne.net\/archives\/pdf\/dessins-tri\u00e9s-1.pdf\" target=\"_blank\">1<\/a> &#8211; <a href=\"https:\/\/francis-berezne.net\/archives\/pdf\/dessins-tri\u00e9s-2.pdf\" target=\"_blank\">2<\/a> &#8211; <a href=\"https:\/\/francis-berezne.net\/archives\/pdf\/dessins-tri\u00e9s-3.pdf\">3<\/a> &#8211; <a href=\"https:\/\/francis-berezne.net\/archives\/pdf\/dessins-tri\u00e9s-4.pdf\" target=\"_blank\">4<\/a> &#8211; <a href=\"https:\/\/francis-berezne.net\/archives\/pdf\/dessins-tri\u00e9s-5.pdf\">5<\/a><\/p>\n<\/p><\/div>\n<\/p><\/div>\n<div class=\"builder-text-column builder-text-column-2\" id=\"builder-section-1460997010695-column-2\">\n<div class=\"builder-text-content\">\n<h3>Tous les tableaux<\/h3>\n<h5>les albums<\/h5>\n<p><a href=\"https:\/\/francis-berezne.net\/?page_id=692\" target=\"_blank\">anatomie et nus<br \/><\/a><a href=\"https:\/\/francis-berezne.net\/?page_id=687\" target=\"_blank\">autoportraits<br \/><\/a><a href=\"https:\/\/francis-berezne.net\/?page_id=952\" target=\"_blank\">portraits<br \/><\/a><a href=\"https:\/\/francis-berezne.net\/?page_id=1025\" target=\"_blank\">autres sujets<\/a><\/p>\n<p>Le catalogue au format <a href=\"https:\/\/francis-berezne.net\/archives\/pdf\/tableaux-tri\u00e9s.pdf\" target=\"_blank\">pdf<\/a><\/p>\n<p>\u00a0<\/p>\n<\/p><\/div>\n<\/p><\/div>\n<div class=\"builder-text-column builder-text-column-3\" id=\"builder-section-1460997010695-column-3\">\n<div class=\"builder-text-content\">\n<h3>Tous les carnets<\/h3>\n<p>L&rsquo;album <a href=\"https:\/\/francis-berezne.net\/?page_id=607\" target=\"_blank\">carnets<\/a><br \/>Le catalogue au format <a href=\"https:\/\/francis-berezne.net\/archives\/pdf\/carnets.pdf\" target=\"_blank\">pdf<\/a><\/p>\n<p>\u00a0<\/p>\n<\/p><\/div>\n<\/p><\/div>\n<div class=\"builder-text-column builder-text-column-4\" id=\"builder-section-1460997010695-column-4\">\n<div class=\"builder-text-content\">\n<h3>Sculptures<\/h3>\n<p>L&rsquo;album <a href=\"https:\/\/francis-berezne.net\/?page_id=1591\"><a href=\"https:\/\/francis-berezne.net\/?p=1956\">sculptures<\/a><\/a><\/p>\n<p>L&rsquo;album <a href=\"https:\/\/francis-berezne.net\/?page_id=674\" target=\"_blank\">masques<\/a><\/p>\n<p>Le catalogue au format <a href=\"https:\/\/francis-berezne.net\/wp-content\/uploads\/2025\/10\/sculptures.pdf\">pdf<\/a><\/a><\/p>\n<\/p><\/div>\n<\/p><\/div>\n<\/p><\/div>\n<\/p><\/div>\n<\/section>\n<section id=\"builder-section-text_55\" class=\"builder-section-prev-text builder-section builder-section-text builder-section-last builder-text-columns-3\" style=\"background-size: cover; background-repeat: no-repeat;background-position: center center;\">\n<div class=\"builder-section-content\">\n<div class=\"builder-text-row\">\n<div class=\"builder-text-column builder-text-column-1\" id=\"builder-section-text_55-column-1\">\n<div class=\"builder-text-content\">\n<h5>Le totem d&rsquo;annovile<\/h5>\n<p>Cette sculpture est un assemblage d&rsquo;une vingtaine de sculptures de tailles variables sur un bloc de terre \u00e0 modeler. On y trouve essentiellement des \u0153uvres en terre, cuite ou non, auxquelles s&rsquo;ajoutent des fontes r\u00e9alis\u00e9es \u00e0 partir de moulages du visage et de la main de Francis.<br \/>\nElle n&rsquo;est peut-\u00eatre pas achev\u00e9e.<br \/>\nSon dernier \u00e9tat date de\u00a0 la p\u00e9riode qui a pr\u00e9c\u00e9d\u00e9 le suicide de Francis, l&rsquo;\u00e9t\u00e9 2010.<br \/>\nIl n&rsquo;a jamais \u00e9t\u00e9 expos\u00e9.<br \/>\nEn janvier 2024, une inondation a gravement endommage les pi\u00e8ces en terre qui n&rsquo;avaient pas \u00e9t\u00e9 cuites.<br \/>\nAlbum <a href=\"https:\/\/francis-berezne.net\/?p=2103\">totem<\/a><br \/>\n<a href=\"https:\/\/francis-berezne.net\/?p=2119\">D\u00e9tails <\/a>du totem<\n<\/p>\n<\/p><\/div>\n<\/p><\/div>\n<div class=\"builder-text-column builder-text-column-2\" id=\"builder-section-text_55-column-2\">\n<div class=\"builder-text-content\">\n<p><a href=\"https:\/\/francis-berezne.net\/?page_id=1591\">Le masque de pl\u00e2tre<\/a><\/p>\n<\/p><\/div>\n<\/p><\/div>\n<div class=\"builder-text-column builder-text-column-3\" id=\"builder-section-text_55-column-3\">\n<div class=\"builder-text-content\">\n\t\t\t\t\t\t\t\t\t\t\t<\/div>\n<\/p><\/div>\n<\/p><\/div>\n<\/p><\/div>\n<\/section>\n","protected":false},"excerpt":{"rendered":"<p>Tous les dessins Les albums autoportraitsanatomie et nus\u00e9tudes &#8211;\u00a0 divers &#8211; portraits &#8211; paysagesnon figuratifs &#8211; semi-figuratifsRevue recherche Les catalogues au format pdf1 &#8211; 2 &#8211; 3 &#8211; 4 &#8211; 5 Tous les tableaux les albums anatomie et nusautoportraitsportraitsautres sujets Le catalogue au format pdf \u00a0 Tous les carnets L&rsquo;album carnetsLe catalogue au format pdf &hellip;<\/p>\n","protected":false},"author":1,"featured_media":0,"parent":0,"menu_order":0,"comment_status":"closed","ping_status":"closed","template":"template-builder.php","meta":{"footnotes":""},"class_list":["post-517","page","type-page","status-publish","hentry"],"_links":{"self":[{"href":"https:\/\/francis-berezne.net\/index.php?rest_route=\/wp\/v2\/pages\/517","targetHints":{"allow":["GET"]}}],"collection":[{"href":"https:\/\/francis-berezne.net\/index.php?rest_route=\/wp\/v2\/pages"}],"about":[{"href":"https:\/\/francis-berezne.net\/index.php?rest_route=\/wp\/v2\/types\/page"}],"author":[{"embeddable":true,"href":"https:\/\/francis-berezne.net\/index.php?rest_route=\/wp\/v2\/users\/1"}],"replies":[{"embeddable":true,"href":"https:\/\/francis-berezne.net\/index.php?rest_route=%2Fwp%2Fv2%2Fcomments&post=517"}],"version-history":[{"count":105,"href":"https:\/\/francis-berezne.net\/index.php?rest_route=\/wp\/v2\/pages\/517\/revisions"}],"predecessor-version":[{"id":2123,"href":"https:\/\/francis-berezne.net\/index.php?rest_route=\/wp\/v2\/pages\/517\/revisions\/2123"}],"wp:attachment":[{"href":"https:\/\/francis-berezne.net\/index.php?rest_route=%2Fwp%2Fv2%2Fmedia&parent=517"}],"curies":[{"name":"wp","href":"https:\/\/api.w.org\/{rel}","templated":true}]}}