{"id":573,"date":"2016-04-20T17:33:43","date_gmt":"2016-04-20T16:33:43","guid":{"rendered":"http:\/\/francis-berezne.net\/?page_id=573"},"modified":"2016-04-20T17:33:43","modified_gmt":"2016-04-20T16:33:43","slug":"conferences","status":"publish","type":"page","link":"https:\/\/francis-berezne.net\/?page_id=573","title":{"rendered":"Conf\u00e9rences"},"content":{"rendered":"<section id=\"builder-section-1461170297220\" class=\"builder-section builder-section-first builder-section-text builder-section-last builder-text-columns-2\" style=\"\">\n<div class=\"builder-section-content\">\n<div class=\"builder-text-column builder-text-column-1\" id=\"builder-section-1461170297220-column-1\">\n<div class=\"builder-text-content\">\n<h3>Sur l&rsquo;art<\/h3>\n<p><a href=\"https:\/\/francis-berezne.net\/?p=566\">\u00c0 Soissons<\/a><\/p>\n<p><a href=\"https:\/\/francis-berezne.net\/?p=568\">Au centre Antonin Artaud<\/a><\/p>\n<\/p><\/div>\n<\/p><\/div>\n<div class=\"builder-text-column builder-text-column-2\" id=\"builder-section-1461170297220-column-2\">\n<div class=\"builder-text-content\">\n<h3>Sur la psychiatrie<\/h3>\n<p><a href=\"https:\/\/francis-berezne.net\/?p=557\">Sur l&rsquo;amiti\u00e9 en psychiatrie<\/a><\/p>\n<p><a href=\"https:\/\/francis-berezne.net\/?p=563\">Sur la psychiatrie institutionnelle<\/a><\/p>\n<p><a href=\"https:\/\/francis-berezne.net\/?p=561\">Intervention au colloque de la Cri\u00e9e<\/a><\/p>\n<p>\u00a0<\/p>\n<\/p><\/div>\n<\/p><\/div>\n<\/p><\/div>\n<\/section>\n","protected":false},"excerpt":{"rendered":"<p>Sur l&rsquo;art \u00c0 Soissons Au centre Antonin Artaud Sur la psychiatrie Sur l&rsquo;amiti\u00e9 en psychiatrie Sur la psychiatrie institutionnelle Intervention au colloque de la Cri\u00e9e \u00a0<\/p>\n","protected":false},"author":1,"featured_media":0,"parent":0,"menu_order":0,"comment_status":"closed","ping_status":"closed","template":"template-builder.php","meta":{"footnotes":""},"class_list":["post-573","page","type-page","status-publish","hentry"],"_links":{"self":[{"href":"https:\/\/francis-berezne.net\/index.php?rest_route=\/wp\/v2\/pages\/573","targetHints":{"allow":["GET"]}}],"collection":[{"href":"https:\/\/francis-berezne.net\/index.php?rest_route=\/wp\/v2\/pages"}],"about":[{"href":"https:\/\/francis-berezne.net\/index.php?rest_route=\/wp\/v2\/types\/page"}],"author":[{"embeddable":true,"href":"https:\/\/francis-berezne.net\/index.php?rest_route=\/wp\/v2\/users\/1"}],"replies":[{"embeddable":true,"href":"https:\/\/francis-berezne.net\/index.php?rest_route=%2Fwp%2Fv2%2Fcomments&post=573"}],"version-history":[{"count":1,"href":"https:\/\/francis-berezne.net\/index.php?rest_route=\/wp\/v2\/pages\/573\/revisions"}],"predecessor-version":[{"id":574,"href":"https:\/\/francis-berezne.net\/index.php?rest_route=\/wp\/v2\/pages\/573\/revisions\/574"}],"wp:attachment":[{"href":"https:\/\/francis-berezne.net\/index.php?rest_route=%2Fwp%2Fv2%2Fmedia&parent=573"}],"curies":[{"name":"wp","href":"https:\/\/api.w.org\/{rel}","templated":true}]}}