{"id":576,"date":"2016-04-20T17:41:39","date_gmt":"2016-04-20T16:41:39","guid":{"rendered":"http:\/\/francis-berezne.net\/?page_id=576"},"modified":"2016-04-20T18:05:39","modified_gmt":"2016-04-20T17:05:39","slug":"une-voix","status":"publish","type":"page","link":"https:\/\/francis-berezne.net\/?page_id=576","title":{"rendered":"Une voix"},"content":{"rendered":"<section id=\"builder-section-1461170819317\" class=\"builder-section builder-section-first builder-section-text builder-section-last builder-text-columns-2\" style=\"\">\n<div class=\"builder-section-content\">\n<div class=\"builder-text-column builder-text-column-1\" id=\"builder-section-1461170819317-column-1\">\n<div class=\"builder-text-content\">\n<h3>Lectures<\/h3>\n<h5>Un texte sur l&rsquo;Art brut<\/h5>\n<audio class=\"wp-audio-shortcode\" id=\"audio-576-1\" preload=\"none\" style=\"width: 100%;\" controls=\"controls\"><source type=\"audio\/mpeg\" src=\"https:\/\/francis-berezne.net\/wp-content\/uploads\/2016\/04\/art-brut.mp3?_=1\" \/><a href=\"https:\/\/francis-berezne.net\/wp-content\/uploads\/2016\/04\/art-brut.mp3\">https:\/\/francis-berezne.net\/wp-content\/uploads\/2016\/04\/art-brut.mp3<\/a><\/audio>\n<p>\u00a0<\/p>\n<h5><em>Dans l&rsquo;\u00eele &#8211; <\/em>premi\u00e8re partie<\/h5>\n<p>Paru aux \u00e9ditions La Chambre d&rsquo;\u00e9chos<\/p>\n<audio class=\"wp-audio-shortcode\" id=\"audio-576-2\" preload=\"none\" style=\"width: 100%;\" controls=\"controls\"><source type=\"audio\/mpeg\" src=\"https:\/\/francis-berezne.net\/wp-content\/uploads\/2016\/04\/dans-lile-1.mp3?_=2\" \/><a href=\"https:\/\/francis-berezne.net\/wp-content\/uploads\/2016\/04\/dans-lile-1.mp3\">https:\/\/francis-berezne.net\/wp-content\/uploads\/2016\/04\/dans-lile-1.mp3<\/a><\/audio>\n<p>\u00a0<\/p>\n<h5><em>Dans l&rsquo;\u00eele &#8211; <\/em>deuxi\u00e8me partie<\/h5>\n<audio class=\"wp-audio-shortcode\" id=\"audio-576-3\" preload=\"none\" style=\"width: 100%;\" controls=\"controls\"><source type=\"audio\/mpeg\" src=\"https:\/\/francis-berezne.net\/wp-content\/uploads\/2016\/04\/dans-lile-2.mp3?_=3\" \/><a href=\"https:\/\/francis-berezne.net\/wp-content\/uploads\/2016\/04\/dans-lile-2.mp3\">https:\/\/francis-berezne.net\/wp-content\/uploads\/2016\/04\/dans-lile-2.mp3<\/a><\/audio>\n<p>\u00a0<\/p>\n<h5>Singe mon herbier<\/h5>\n<p>Paru aux \u00e9ditions La Chambre d&rsquo;\u00e9chos<\/p>\n<audio class=\"wp-audio-shortcode\" id=\"audio-576-4\" preload=\"none\" style=\"width: 100%;\" controls=\"controls\"><source type=\"audio\/mpeg\" src=\"https:\/\/francis-berezne.net\/wp-content\/uploads\/2016\/04\/singe.mp3?_=4\" \/><a href=\"https:\/\/francis-berezne.net\/wp-content\/uploads\/2016\/04\/singe.mp3\">https:\/\/francis-berezne.net\/wp-content\/uploads\/2016\/04\/singe.mp3<\/a><\/audio>\n<p>\u00a0<\/p>\n<\/p><\/div>\n<\/p><\/div>\n<div class=\"builder-text-column builder-text-column-2\" id=\"builder-section-1461170819317-column-2\">\n<div class=\"builder-text-content\">\n<h3>Interview<\/h3>\n<h5>France Culture 30 mai 2001<\/h5>\n<p>\u00c0 l&rsquo;occasion de la sortie de son livre <em>Le dit du brut<\/em>, Francis est re\u00e7u par Pierre Assouline.<\/p>\n<audio class=\"wp-audio-shortcode\" id=\"audio-576-5\" preload=\"none\" style=\"width: 100%;\" controls=\"controls\"><source type=\"audio\/mpeg\" src=\"https:\/\/francis-berezne.net\/wp-content\/uploads\/2016\/04\/assouline.mp3?_=5\" \/><a href=\"https:\/\/francis-berezne.net\/wp-content\/uploads\/2016\/04\/assouline.mp3\">https:\/\/francis-berezne.net\/wp-content\/uploads\/2016\/04\/assouline.mp3<\/a><\/audio>\n<p>\u00a0<\/p>\n<\/p><\/div>\n<\/p><\/div>\n<\/p><\/div>\n<\/section>\n","protected":false},"excerpt":{"rendered":"<p>Lectures Un texte sur l&rsquo;Art brut \u00a0 Dans l&rsquo;\u00eele &#8211; premi\u00e8re partie Paru aux \u00e9ditions La Chambre d&rsquo;\u00e9chos \u00a0 Dans l&rsquo;\u00eele &#8211; deuxi\u00e8me partie \u00a0 Singe mon herbier Paru aux \u00e9ditions La Chambre d&rsquo;\u00e9chos \u00a0 Interview France Culture 30 mai 2001 \u00c0 l&rsquo;occasion de la sortie de son livre Le dit du brut, Francis est &hellip;<\/p>\n","protected":false},"author":1,"featured_media":0,"parent":0,"menu_order":0,"comment_status":"closed","ping_status":"closed","template":"template-builder.php","meta":{"footnotes":""},"class_list":["post-576","page","type-page","status-publish","hentry"],"_links":{"self":[{"href":"https:\/\/francis-berezne.net\/index.php?rest_route=\/wp\/v2\/pages\/576","targetHints":{"allow":["GET"]}}],"collection":[{"href":"https:\/\/francis-berezne.net\/index.php?rest_route=\/wp\/v2\/pages"}],"about":[{"href":"https:\/\/francis-berezne.net\/index.php?rest_route=\/wp\/v2\/types\/page"}],"author":[{"embeddable":true,"href":"https:\/\/francis-berezne.net\/index.php?rest_route=\/wp\/v2\/users\/1"}],"replies":[{"embeddable":true,"href":"https:\/\/francis-berezne.net\/index.php?rest_route=%2Fwp%2Fv2%2Fcomments&post=576"}],"version-history":[{"count":5,"href":"https:\/\/francis-berezne.net\/index.php?rest_route=\/wp\/v2\/pages\/576\/revisions"}],"predecessor-version":[{"id":588,"href":"https:\/\/francis-berezne.net\/index.php?rest_route=\/wp\/v2\/pages\/576\/revisions\/588"}],"wp:attachment":[{"href":"https:\/\/francis-berezne.net\/index.php?rest_route=%2Fwp%2Fv2%2Fmedia&parent=576"}],"curies":[{"name":"wp","href":"https:\/\/api.w.org\/{rel}","templated":true}]}}