{"id":590,"date":"2016-04-20T18:17:30","date_gmt":"2016-04-20T17:17:30","guid":{"rendered":"http:\/\/francis-berezne.net\/?page_id=590"},"modified":"2016-04-29T14:03:31","modified_gmt":"2016-04-29T12:03:31","slug":"annvile","status":"publish","type":"page","link":"https:\/\/francis-berezne.net\/?page_id=590","title":{"rendered":"Annoville"},"content":{"rendered":"<section id=\"builder-section-1461172729903\" class=\"builder-section builder-section-first builder-section-text builder-section-last builder-text-columns-2\" style=\"\">\n<div class=\"builder-section-content\">\n<div class=\"builder-text-column builder-text-column-1\" id=\"builder-section-1461172729903-column-1\">\n<div class=\"builder-text-content\">\n<div id=\"ja-main\">\n<div class=\"inner clearfix\">\n<div id=\"ja-contentwrap\" class=\"\">\n<div id=\"ja-content\" class=\"column\">\n<div id=\"ja-current-content\" class=\"column\">\n<div class=\"ja-content-main clearfix\">\n<div class=\"article-content\">\n<h3>\u00c0 propos d&rsquo;Annoville<\/h3>\n<p>Francis a achet\u00e9 la petite maison d&rsquo;Annoville en 1992, sur les conseils insistants de Jean Paul Kitchener.<br \/>Il s&rsquo;agissait de deux b\u00e2tisses d&rsquo;environ 25 m\u00b2 chacune, l&rsquo;une en mauvais \u00e9tat, l&rsquo;autre en ruines. La premi\u00e8re devint la maison de Francis, l&rsquo;autre, d&rsquo;apr\u00e8s des plans de monsieur Demonfaucon, son atelier.<br \/>Il avait r\u00e9nov\u00e9 la maison, puis reconstruit l&rsquo;atelier, le plus souvent seul.<br \/>Annoville repr\u00e9sentait beaucoup pour Francis : les textes publi\u00e9s ici en font foi.<\/p>\n<p>Extrait de <a href=\"https:\/\/francis-berezne.net\/?p=599\" target=\"_blank\"><em>Carnets d&rsquo;un retour \u00e0 la raison<\/em><\/a><\/p>\n<p>Extrait de <a href=\"https:\/\/francis-berezne.net\/?p=602\" target=\"_blank\"><em>En revenant \u00e0 la raison<\/em><\/a><\/p>\n<\/div>\n<\/div>\n<\/div>\n<\/div>\n<\/div>\n<\/div>\n<\/div><\/div>\n<\/p><\/div>\n<div class=\"builder-text-column builder-text-column-2\" id=\"builder-section-1461172729903-column-2\">\n<div class=\"builder-text-content\">\n<h3>L&rsquo;album sur Annoville<\/h3>\n<h4><span style=\"color: #3366ff;\">\u00a0\u00a0\u00a0 <a style=\"color: #3366ff;\" href=\"https:\/\/francis-berezne.net\/?page_id=748\" target=\"_blank\">Annoville avant<\/a><\/span><\/h4>\n<h4><a href=\"https:\/\/francis-berezne.net\/?page_id=750\" target=\"_blank\">\u00a0\u00a0\u00a0\u00a0\u00a0<span style=\"color: #3366ff;\">\u00a0\u00a0\u00a0\u00a0 Annoville &#8211; travaux<\/span><\/a><\/h4>\n<h4><a href=\"https:\/\/francis-berezne.net\/?page_id=752\" target=\"_blank\">\u00a0\u00a0\u00a0\u00a0<span style=\"color: #3366ff;\">\u00a0\u00a0\u00a0\u00a0\u00a0\u00a0\u00a0\u00a0\u00a0\u00a0\u00a0 Annoville enfin<\/span><\/a><\/h4>\n<\/p><\/div>\n<\/p><\/div>\n<\/p><\/div>\n<\/section>\n","protected":false},"excerpt":{"rendered":"<p>\u00c0 propos d&rsquo;Annoville Francis a achet\u00e9 la petite maison d&rsquo;Annoville en 1992, sur les conseils insistants de Jean Paul Kitchener.Il s&rsquo;agissait de deux b\u00e2tisses d&rsquo;environ 25 m\u00b2 chacune, l&rsquo;une en mauvais \u00e9tat, l&rsquo;autre en ruines. La premi\u00e8re devint la maison de Francis, l&rsquo;autre, d&rsquo;apr\u00e8s des plans de monsieur Demonfaucon, son atelier.Il avait r\u00e9nov\u00e9 la maison, &hellip;<\/p>\n","protected":false},"author":1,"featured_media":0,"parent":0,"menu_order":0,"comment_status":"closed","ping_status":"closed","template":"template-builder.php","meta":{"footnotes":""},"class_list":["post-590","page","type-page","status-publish","hentry"],"_links":{"self":[{"href":"https:\/\/francis-berezne.net\/index.php?rest_route=\/wp\/v2\/pages\/590","targetHints":{"allow":["GET"]}}],"collection":[{"href":"https:\/\/francis-berezne.net\/index.php?rest_route=\/wp\/v2\/pages"}],"about":[{"href":"https:\/\/francis-berezne.net\/index.php?rest_route=\/wp\/v2\/types\/page"}],"author":[{"embeddable":true,"href":"https:\/\/francis-berezne.net\/index.php?rest_route=\/wp\/v2\/users\/1"}],"replies":[{"embeddable":true,"href":"https:\/\/francis-berezne.net\/index.php?rest_route=%2Fwp%2Fv2%2Fcomments&post=590"}],"version-history":[{"count":16,"href":"https:\/\/francis-berezne.net\/index.php?rest_route=\/wp\/v2\/pages\/590\/revisions"}],"predecessor-version":[{"id":755,"href":"https:\/\/francis-berezne.net\/index.php?rest_route=\/wp\/v2\/pages\/590\/revisions\/755"}],"wp:attachment":[{"href":"https:\/\/francis-berezne.net\/index.php?rest_route=%2Fwp%2Fv2%2Fmedia&parent=590"}],"curies":[{"name":"wp","href":"https:\/\/api.w.org\/{rel}","templated":true}]}}