{"id":609,"date":"2016-04-20T18:37:02","date_gmt":"2016-04-20T17:37:02","guid":{"rendered":"http:\/\/francis-berezne.net\/?page_id=609"},"modified":"2025-10-13T16:39:27","modified_gmt":"2025-10-13T14:39:27","slug":"609-2","status":"publish","type":"page","link":"https:\/\/francis-berezne.net\/?page_id=609","title":{"rendered":"Liens"},"content":{"rendered":"<section id=\"builder-section-1461174298679\" class=\"builder-section-first builder-section builder-section-text builder-section-last builder-text-columns-1\" style=\"background-repeat: repeat;background-position: center center;\">\n<div class=\"builder-section-content\">\n<div class=\"builder-text-row\">\n<div class=\"builder-text-column builder-text-column-1\" id=\"builder-section-1461174298679-column-1\">\n<div class=\"builder-text-content\">\n<h3>Liens vers des publications, des comptes rendus<\/h3>\n<p><a href=\"https:\/\/www.lachambredechos.com\/fiche.php?classement=auteur\" target=\"_blank\">La Chambre d&rsquo;\u00e9chos<\/a><br \/>\na \u00e9dit\u00e9 six ouvrages de Francis B\u00e9rezn\u00e9<br \/>\n<strong>La revue <a href=\"https:\/\/shs.cairn.info\/revue-chimeres?lang=fr\">Chim\u00e8res <\/a>a publi\u00e9 des textes de Francis B\u00e9rezn\u00e9<\/strong><br \/>\n<a href=\"https:\/\/shs.cairn.info\/revue-chimeres-2010-2-page-183?lang=fr\">O\u00f9 dormir (Retour \u00e0 Laborde)<\/a><br \/>\n<a href=\"https:\/\/shs.cairn.info\/revue-chimeres-2010-2-page-183?lang=fr\">\u00c0 hauteur de visage<\/a><br \/>\n<a href=\"https:\/\/shs.cairn.info\/revue-chimeres-2010-3-page-281?lang=fr\">Le marcher de l&rsquo;art<\/a><br \/>\n<a href=\"https:\/\/shs.cairn.info\/revue-chimeres-2010-2-page-139?lang=fr\">Entretien avec Michel Nedjar<\/a><\/p>\n<h5>Des articles sur l&rsquo;exposition r\u00e9alis\u00e9e par Jean-Paul Kitchener en 2010<\/h5>\n<p>ont \u00e9t\u00e9 publi\u00e9es\u00a0 par<em><a href=\"http:\/\/www.letelegramme.com\/local\/finistere-sud\/chateaulin-carhaix\/chateaulin\/peinture-fantomes-aux-ateliers-de-la-vis-sans-fin-13-08-2011-1398797.php?utm_source=rss_telegramme&amp;utm_medium=rss&amp;utm_campaign=rss&amp;xtor=RSS-21\" target=\"_blank\"> <em>Le T\u00e9l\u00e9gramme de l&rsquo;Ouest<\/em><\/a><\/em><\/p>\n<p>Un article sur Francis B\u00e9rezn\u00e9 dans <em><a href=\"https:\/\/lmda.net\/2025-06-mat26446-francis_berezne?debut_articles=%4014463\">Le matricule des Anges<\/a><\/em><br \/>\nUn article de Denis Mahafey dans <em><a href=\"https:\/\/www.levase.fr\/non-classe\/les-hysteriques-selon-francis-berezne-le-mouvement-de-deraison\/\">Le Matricule des anges<\/a><\/em> sur les Hyst\u00e9riques de la Sap\u00e9tri\u00e8re<br \/>\nUne n\u00e9crologie de Francis B\u00e9rezn\u00e9 dans <em><a href=\"http:\/\/lesilencequiparle.unblog.fr\/2010\/10\/19\/sur-lamitie-dans-la-psychiatrie-francis-berezne\/\">Le silence qui parle<\/a><\/em> et une intervention sur <em>L&rsquo;amiti\u00e9 en psychiatrie<\/em><\/p>\n<\/p><\/div>\n<\/p><\/div>\n<\/p><\/div>\n<\/p><\/div>\n<\/section>\n","protected":false},"excerpt":{"rendered":"<p>Liens vers des publications, des comptes rendus La Chambre d&rsquo;\u00e9chos a \u00e9dit\u00e9 six ouvrages de Francis B\u00e9rezn\u00e9 La revue Chim\u00e8res a publi\u00e9 des textes de Francis B\u00e9rezn\u00e9 O\u00f9 dormir (Retour \u00e0 Laborde) \u00c0 hauteur de visage Le marcher de l&rsquo;art Entretien avec Michel Nedjar Des articles sur l&rsquo;exposition r\u00e9alis\u00e9e par Jean-Paul Kitchener en 2010 ont &hellip;<\/p>\n","protected":false},"author":1,"featured_media":0,"parent":0,"menu_order":0,"comment_status":"closed","ping_status":"closed","template":"template-builder.php","meta":{"footnotes":""},"class_list":["post-609","page","type-page","status-publish","hentry"],"_links":{"self":[{"href":"https:\/\/francis-berezne.net\/index.php?rest_route=\/wp\/v2\/pages\/609","targetHints":{"allow":["GET"]}}],"collection":[{"href":"https:\/\/francis-berezne.net\/index.php?rest_route=\/wp\/v2\/pages"}],"about":[{"href":"https:\/\/francis-berezne.net\/index.php?rest_route=\/wp\/v2\/types\/page"}],"author":[{"embeddable":true,"href":"https:\/\/francis-berezne.net\/index.php?rest_route=\/wp\/v2\/users\/1"}],"replies":[{"embeddable":true,"href":"https:\/\/francis-berezne.net\/index.php?rest_route=%2Fwp%2Fv2%2Fcomments&post=609"}],"version-history":[{"count":19,"href":"https:\/\/francis-berezne.net\/index.php?rest_route=\/wp\/v2\/pages\/609\/revisions"}],"predecessor-version":[{"id":2148,"href":"https:\/\/francis-berezne.net\/index.php?rest_route=\/wp\/v2\/pages\/609\/revisions\/2148"}],"wp:attachment":[{"href":"https:\/\/francis-berezne.net\/index.php?rest_route=%2Fwp%2Fv2%2Fmedia&parent=609"}],"curies":[{"name":"wp","href":"https:\/\/api.w.org\/{rel}","templated":true}]}}