{"id":784,"date":"2016-06-07T15:24:16","date_gmt":"2016-06-07T13:24:16","guid":{"rendered":"http:\/\/francis-berezne.net\/?page_id=784"},"modified":"2016-06-07T15:47:47","modified_gmt":"2016-06-07T13:47:47","slug":"jardins","status":"publish","type":"page","link":"https:\/\/francis-berezne.net\/?page_id=784","title":{"rendered":"jardins"},"content":{"rendered":"<section id=\"builder-section-1465306017393\" class=\"builder-section builder-section-first builder-section-text builder-section-last builder-text-columns-2\" style=\"\">\n<div class=\"builder-section-content\">\n<div class=\"builder-text-column builder-text-column-1\" id=\"builder-section-1465306017393-column-1\">\n<div class=\"builder-text-content\">\n<h6><img loading=\"lazy\" decoding=\"async\" class=\"size-medium wp-image-785 alignnone\" src=\"https:\/\/francis-berezne.net\/wp-content\/uploads\/2016\/06\/jardin-229x300.jpg\" alt=\"jardin\" width=\"694\" height=\"909\" \/><\/h6>\n<h6>L&rsquo;affiche de l&rsquo;exposition<\/h6>\n<\/p><\/div>\n<\/p><\/div>\n<div class=\"builder-text-column builder-text-column-2\" id=\"builder-section-1465306017393-column-2\">\n<div class=\"builder-text-content\">\n<h3>Exposition \u00e0 Regn\u00e9ville-sur-Mer (Manche)<br \/>dans le cadre de la journ\u00e9e des Jardins <span style=\"font-size: 10pt;\">(5 juin 2016)<\/span><\/h3>\n<p>Prisca Bachelet a ouvert son jardin et sa grange aux toiles de Francis B\u00e9rezn\u00e9.<\/p>\n<p>Celles-ci se sont donc trouv\u00e9es pour une journ\u00e9e au mileu des plantes et des fleurs d&rsquo;un magnifique jardin.<\/p>\n<h5><a href=\"https:\/\/francis-berezne.net\/?page_id=803\" target=\"_blank\"><span style=\"color: #0000ff;\">Les photos<\/span><\/a><\/h5>\n<p>\u00a0<\/p>\n<\/p><\/div>\n<\/p><\/div>\n<\/p><\/div>\n<\/section>\n","protected":false},"excerpt":{"rendered":"<p>L&rsquo;affiche de l&rsquo;exposition Exposition \u00e0 Regn\u00e9ville-sur-Mer (Manche)dans le cadre de la journ\u00e9e des Jardins (5 juin 2016) Prisca Bachelet a ouvert son jardin et sa grange aux toiles de Francis B\u00e9rezn\u00e9. Celles-ci se sont donc trouv\u00e9es pour une journ\u00e9e au mileu des plantes et des fleurs d&rsquo;un magnifique jardin. Les photos \u00a0<\/p>\n","protected":false},"author":1,"featured_media":0,"parent":0,"menu_order":0,"comment_status":"closed","ping_status":"closed","template":"template-builder.php","meta":{"footnotes":""},"class_list":["post-784","page","type-page","status-publish","hentry"],"_links":{"self":[{"href":"https:\/\/francis-berezne.net\/index.php?rest_route=\/wp\/v2\/pages\/784","targetHints":{"allow":["GET"]}}],"collection":[{"href":"https:\/\/francis-berezne.net\/index.php?rest_route=\/wp\/v2\/pages"}],"about":[{"href":"https:\/\/francis-berezne.net\/index.php?rest_route=\/wp\/v2\/types\/page"}],"author":[{"embeddable":true,"href":"https:\/\/francis-berezne.net\/index.php?rest_route=\/wp\/v2\/users\/1"}],"replies":[{"embeddable":true,"href":"https:\/\/francis-berezne.net\/index.php?rest_route=%2Fwp%2Fv2%2Fcomments&post=784"}],"version-history":[{"count":7,"href":"https:\/\/francis-berezne.net\/index.php?rest_route=\/wp\/v2\/pages\/784\/revisions"}],"predecessor-version":[{"id":805,"href":"https:\/\/francis-berezne.net\/index.php?rest_route=\/wp\/v2\/pages\/784\/revisions\/805"}],"wp:attachment":[{"href":"https:\/\/francis-berezne.net\/index.php?rest_route=%2Fwp%2Fv2%2Fmedia&parent=784"}],"curies":[{"name":"wp","href":"https:\/\/api.w.org\/{rel}","templated":true}]}}