{"id":85,"date":"2016-03-30T12:33:41","date_gmt":"2016-03-30T11:33:41","guid":{"rendered":"http:\/\/francis-berezne.net\/?page_id=85"},"modified":"2023-08-02T17:08:38","modified_gmt":"2023-08-02T15:08:38","slug":"85-2","status":"publish","type":"page","link":"https:\/\/francis-berezne.net\/","title":{"rendered":"Francis B\u00e9rezn\u00e9"},"content":{"rendered":"<section id=\"builder-section-1459337609721\" class=\"builder-section-first builder-section builder-section-text builder-section-last builder-text-columns-1\" style=\"background-repeat: repeat;background-position: center center;\">\n<div class=\"builder-section-content\">\n<div class=\"builder-text-row\">\n<div class=\"builder-text-column builder-text-column-1\" id=\"builder-section-1459337609721-column-1\">\n<div class=\"builder-text-content\">\n<p><img loading=\"lazy\" decoding=\"async\" class=\"alignnone size-full wp-image-5\" src=\"https:\/\/francis-berezne.net\/wp-content\/uploads\/2016\/03\/saint-anne-la-palud-241-17072010_n.jpg\" width=\"1024\" height=\"768\" srcset=\"https:\/\/francis-berezne.net\/wp-content\/uploads\/2016\/03\/saint-anne-la-palud-241-17072010_n.jpg 1024w, https:\/\/francis-berezne.net\/wp-content\/uploads\/2016\/03\/saint-anne-la-palud-241-17072010_n-300x225.jpg 300w, https:\/\/francis-berezne.net\/wp-content\/uploads\/2016\/03\/saint-anne-la-palud-241-17072010_n-768x576.jpg 768w\" sizes=\"auto, (max-width: 1024px) 100vw, 1024px\" \/><\/p>\n<h3>Francis B\u00e9rezn\u00e9<\/h3>\n<p>Ci-dessus, Francis lors de son exposition \u00ab\u00a0Les hyst\u00e9riques\u00a0\u00bb \u00e0 Sainte-Anne-la-Palud en juillet 2010.<\/p>\n<hr \/>\n<p>Ce site est destin\u00e9 \u00e0 faire conna\u00eetre l&rsquo;\u0153uvre et le parcours de Francis B\u00e9rezn\u00e9, par l&rsquo;image et\u00a0 la documentation.<br \/>\nIl a \u00e9t\u00e9 r\u00e9alis\u00e9 par ses deux fr\u00e8res, Jean et Guy, apr\u00e8s beaucoup de t\u00e2tonnements. Il est donc partial et partiel ; il est aussi incomplet et imparfait. Nous nous efforcerons de l\u2019am\u00e9liorer.<\/p>\n<p>Laissons la parole \u00e0 Francis B\u00e9rezn\u00e9.<\/p>\n<hr \/>\n<p><strong>Je suis n\u00e9 \u00e0 l\u2019h\u00f4pital Beaujon,<\/strong> \u00e0 Clichy-sous-Bois, un an apr\u00e8s la fin de la Deuxi\u00e8me guerre mondiale. C\u2019est dire que ma vie est marqu\u00e9e par la joie de vivre qui \u00e9clate apr\u00e8s ces terribles ann\u00e9es, par le d\u00e9sespoir qui na\u00eet des horreurs qu\u2019on d\u00e9couvre \u00e0 ce moment, et par l\u2019angoisse de mes parents, qui ont v\u00e9cu quatre ans dans la peur.<\/p>\n<p><a href=\"https:\/\/francis-berezne.net\/?p=116\" target=\"_blank\" rel=\"noopener\">Lire son autobiographie<\/a><\/p>\n<hr \/>\n<h3>Jean Fourni\u00e9 avait \u00e9crit le texte qui suit.<\/h3>\n<p>Pour Francis Berezn\u00e9 \/ Jean Fourni\u00e9<\/p>\n<p>Publi\u00e9 5 novembre 2010 dans Agora<\/p>\n<p>J\u2019ai rencontr\u00e9 Francis dans les ann\u00e9es 1964, 65 \u00e0 Paris. Depuis lors, \u00e0 travers les vicissitudes de nos vies respectives, nous n\u2019avons pratiquement jamais cess\u00e9 de nous voir, entretenant un compagnonnage, une complicit\u00e9 intellectuelle et affective qui ne s\u2019est jamais d\u00e9mentie.<\/p>\n<p>On peut dire que nous \u00e9tions t\u00e9moins l\u2019un de l\u2019autre.<\/p>\n<p><a href=\"https:\/\/francis-berezne.net\/?p=97\" target=\"_blank\" rel=\"noopener\">Lire l&rsquo;int\u00e9gralit\u00e9 de son texte<\/a><\/p>\n<hr \/><\/div>\n<\/p><\/div>\n<\/p><\/div>\n<\/p><\/div>\n<\/section>\n","protected":false},"excerpt":{"rendered":"<p>Francis B\u00e9rezn\u00e9 Ci-dessus, Francis lors de son exposition \u00ab\u00a0Les hyst\u00e9riques\u00a0\u00bb \u00e0 Sainte-Anne-la-Palud en juillet 2010. Ce site est destin\u00e9 \u00e0 faire conna\u00eetre l&rsquo;\u0153uvre et le parcours de Francis B\u00e9rezn\u00e9, par l&rsquo;image et\u00a0 la documentation. Il a \u00e9t\u00e9 r\u00e9alis\u00e9 par ses deux fr\u00e8res, Jean et Guy, apr\u00e8s beaucoup de t\u00e2tonnements. Il est donc partial et partiel &hellip;<\/p>\n","protected":false},"author":1,"featured_media":0,"parent":0,"menu_order":0,"comment_status":"closed","ping_status":"closed","template":"template-builder.php","meta":{"footnotes":""},"class_list":["post-85","page","type-page","status-publish","hentry"],"_links":{"self":[{"href":"https:\/\/francis-berezne.net\/index.php?rest_route=\/wp\/v2\/pages\/85","targetHints":{"allow":["GET"]}}],"collection":[{"href":"https:\/\/francis-berezne.net\/index.php?rest_route=\/wp\/v2\/pages"}],"about":[{"href":"https:\/\/francis-berezne.net\/index.php?rest_route=\/wp\/v2\/types\/page"}],"author":[{"embeddable":true,"href":"https:\/\/francis-berezne.net\/index.php?rest_route=\/wp\/v2\/users\/1"}],"replies":[{"embeddable":true,"href":"https:\/\/francis-berezne.net\/index.php?rest_route=%2Fwp%2Fv2%2Fcomments&post=85"}],"version-history":[{"count":31,"href":"https:\/\/francis-berezne.net\/index.php?rest_route=\/wp\/v2\/pages\/85\/revisions"}],"predecessor-version":[{"id":1947,"href":"https:\/\/francis-berezne.net\/index.php?rest_route=\/wp\/v2\/pages\/85\/revisions\/1947"}],"wp:attachment":[{"href":"https:\/\/francis-berezne.net\/index.php?rest_route=%2Fwp%2Fv2%2Fmedia&parent=85"}],"curies":[{"name":"wp","href":"https:\/\/api.w.org\/{rel}","templated":true}]}}